{"id":80,"date":"2019-09-26T21:12:19","date_gmt":"2019-09-26T18:12:19","guid":{"rendered":"https:\/\/www.okatai.com\/palmreading\/?page_id=80"},"modified":"2019-09-27T06:43:44","modified_gmt":"2019-09-27T03:43:44","slug":"deutsch","status":"publish","type":"page","link":"https:\/\/www.okatai.com\/palmreading\/deutsch\/","title":{"rendered":"Deutsch"},"content":{"rendered":"<p>Da ich in Deutschland gelebt und f\u00fcr deutsche Firmen gearbeitet habe, kann ich sehr gut Deutsch sprechen. Ich habe au\u00dferdem Level C bei G\u00f6the Institut bestanden.<\/p>\n<p>&nbsp;<\/p>\n<p>Mein aktuelles Angebot: manchmal besuche ich <span class=\"__in\">D\u00fcsseldorf<\/span>. Wenn Sie in der N\u00e4he wohnen, haben Sie die M\u00f6glichkeit das Handlesen von Angesicht zu Angesicht zu erfahren. Wenn Sie Interesse haben, bitte geben Sie mir Bescheid.<\/p>\n<p>&nbsp;<\/p>\n<p>Nat\u00fcrlich k\u00f6nnen wir auch English sprechen, wenn Sie dies m\u00f6chten!<\/p>\n\n<div style=\"font-size: 0px; height: 0px; line-height: 0px; margin: 0; padding: 0; clear: both;\"><\/div>","protected":false},"excerpt":{"rendered":"<p>Da ich in Deutschland gelebt und f\u00fcr deutsche Firmen gearbeitet habe, kann ich sehr gut Deutsch sprechen. Ich habe au\u00dferdem&hellip;<\/p>\n","protected":false},"author":1,"featured_media":0,"parent":0,"menu_order":0,"comment_status":"closed","ping_status":"closed","template":"","meta":[],"_links":{"self":[{"href":"https:\/\/www.okatai.com\/palmreading\/wp-json\/wp\/v2\/pages\/80"}],"collection":[{"href":"https:\/\/www.okatai.com\/palmreading\/wp-json\/wp\/v2\/pages"}],"about":[{"href":"https:\/\/www.okatai.com\/palmreading\/wp-json\/wp\/v2\/types\/page"}],"author":[{"embeddable":true,"href":"https:\/\/www.okatai.com\/palmreading\/wp-json\/wp\/v2\/users\/1"}],"replies":[{"embeddable":true,"href":"https:\/\/www.okatai.com\/palmreading\/wp-json\/wp\/v2\/comments?post=80"}],"version-history":[{"count":3,"href":"https:\/\/www.okatai.com\/palmreading\/wp-json\/wp\/v2\/pages\/80\/revisions"}],"predecessor-version":[{"id":95,"href":"https:\/\/www.okatai.com\/palmreading\/wp-json\/wp\/v2\/pages\/80\/revisions\/95"}],"wp:attachment":[{"href":"https:\/\/www.okatai.com\/palmreading\/wp-json\/wp\/v2\/media?parent=80"}],"curies":[{"name":"wp","href":"https:\/\/api.w.org\/{rel}","templated":true}]}}